{"id":109920,"date":"2024-03-05T18:45:40","date_gmt":"2024-03-05T11:45:40","guid":{"rendered":"https:\/\/module28.com\/?page_id=109920"},"modified":"2025-11-02T02:28:58","modified_gmt":"2025-11-01T19:28:58","slug":"about","status":"publish","type":"page","link":"https:\/\/module28.com\/vi\/about\/","title":{"rendered":"Ch\u00fang t\u00f4i"},"content":{"rendered":"<div class=\"wpb-content-wrapper\"><div data-parent=\"true\" class=\"vc_row row-container\" id=\"row-unique-0\"><div class=\"row full-width row-parent\"><div class=\"wpb_row row-inner\"><div class=\"wpb_column pos-top pos-right align_left column_parent col-lg-5 single-internal-gutter\"><div class=\"uncol style-light\"  ><div class=\"uncoltable\"><div class=\"uncell no-block-padding\" ><div class=\"uncont\" ><\/div><\/div><\/div><\/div><\/div><script id=\"script-row-unique-0\" data-row=\"script-row-unique-0\" type=\"text\/javascript\" class=\"vc_controls\">UNCODE.initRow(document.getElementById(\"row-unique-0\"));<\/script><\/div><\/div><\/div><div data-parent=\"true\" class=\"vc_row inverted-device-order row-container\" id=\"row-unique-1\"><div class=\"row col-one-gutter single-top-padding no-bottom-padding single-h-padding full-width row-parent\"><div class=\"wpb_row row-inner\"><div class=\"wpb_column pos-top pos-center align_left column_parent col-lg-3 single-internal-gutter\"><div class=\"uncol style-light\"  ><div class=\"uncoltable\"><div class=\"uncell no-block-padding\" ><div class=\"uncont\" ><\/div><\/div><\/div><\/div><\/div><div class=\"wpb_column pos-middle pos-center align_left column_parent col-lg-4 single-internal-gutter z_index_2\"><div class=\"uncol style-light shift_x_quad animate_when_almost_visible left-t-right\"  ><div class=\"uncoltable\"><div class=\"uncell no-block-padding\" ><div class=\"column-background background-element\" style=\"opacity: 1;\">\n\t\t\t\t\t\t\t\t\t\t\t<div class=\"background-wrapper\">\n\t\t\t\t\t\t\t\t\t\t\t\t<div class=\"background-inner\"><\/div>\n\t\t\t\t\t\t\t\t\t\t\t\t<div class=\"block-bg-overlay style-color-xsdn-bg\" style=\"opacity: 0;\"><\/div>\n\t\t\t\t\t\t\t\t\t\t\t<\/div>\n\t\t\t\t\t\t\t\t\t\t<\/div><div class=\"uncont\" ><div class=\"empty-space empty-double\" ><span class=\"empty-space-inner\"><\/span><\/div>\n<div class=\"vc_custom_heading_wrap heading-inline frank\"><div class=\"heading-text el-text\" ><h3 class=\"fontsize-155944 text-color-prif-color\" ><span>&#8220;Study nature, love nature, stay close to nature. It will never fail you.&#8221;<\/span><\/h3><div class=\"text-top-reduced\"><p>\u2e3b Frank Lloyd Wright, ki\u1ebfn tr\u00fac s\u01b0 ng\u01b0\u1eddi M\u1ef9.<\/p>\n<\/div><\/div><div class=\"clear\"><\/div><\/div><div class=\"empty-space empty-double\" ><span class=\"empty-space-inner\"><\/span><\/div>\n<\/div><\/div><\/div><\/div><\/div><div class=\"wpb_column pos-middle pos-left align_left column_parent col-lg-5 single-internal-gutter\"><div class=\"uncol style-spec style-dark animate_when_almost_visible zoom-out\"  ><div class=\"uncoltable\"><div class=\"uncell no-block-padding\" ><div class=\"uncont\" ><div class=\"uncode-single-media  text-left\"><div class=\"single-wrapper\" style=\"max-width: 80%;\"><div class=\"tmb tmb-light  tmb-shadowed tmb-shadowed-lg tmb-img-ratio tmb-media-first tmb-media-last tmb-content-overlay tmb-no-bg\"><div class=\"t-inside\"><div class=\"t-entry-visual\"><div class=\"t-entry-visual-tc\"><div class=\"uncode-single-media-wrapper\"><div class=\"dummy\" style=\"padding-top: 100%;\"><\/div><img decoding=\"async\" class=\"wp-image-107302\" src=\"https:\/\/module28.com\/wp-content\/uploads\/2023\/03\/Lemint-05-uai-1707x1707.jpg\" width=\"1707\" height=\"1707\" alt=\"\"><\/div>\n\t\t\t\t\t<\/div>\n\t\t\t\t<\/div><\/div><\/div><\/div><\/div><\/div><\/div><\/div><\/div><\/div><script id=\"script-row-unique-1\" data-row=\"script-row-unique-1\" type=\"text\/javascript\" class=\"vc_controls\">UNCODE.initRow(document.getElementById(\"row-unique-1\"));<\/script><\/div><\/div><\/div><div data-parent=\"true\" class=\"vc_row row-container\" id=\"row-unique-2\"><div class=\"row single-top-padding no-bottom-padding single-h-padding full-width row-parent\"><div class=\"wpb_row row-inner\"><div class=\"wpb_column pos-top pos-center align_left column_parent col-lg-12 single-internal-gutter\"><div class=\"uncol style-light\"  ><div class=\"uncoltable\"><div class=\"uncell no-block-padding\" ><div class=\"uncont\" ><div class=\"empty-space empty-double\" ><span class=\"empty-space-inner\"><\/span><\/div>\n<div class=\"vc_custom_heading_wrap\"><div class=\"heading-text el-text\" ><h4 class=\"fontsize-155944 font-weight-800 text-color-jevc-color\" ><span>01<\/p><\/span><span><p>\u2014<\/p><\/span><span><p>who we are<\/span><\/h4><\/div><div class=\"clear\"><\/div><\/div><\/div><\/div><\/div><\/div><\/div><script id=\"script-row-unique-2\" data-row=\"script-row-unique-2\" type=\"text\/javascript\" class=\"vc_controls\">UNCODE.initRow(document.getElementById(\"row-unique-2\"));<\/script><\/div><\/div><\/div><div data-parent=\"true\" class=\"vc_row style-color-xsdn-bg row-container\" id=\"row-unique-3\" data-bg-changer=\"row-unique-3\" data-bg-remove=\"style-color-xsdn-bg\" data-bg-color=\"style-color-xsdn-bg\"><div class=\"row full-width row-parent\"><div class=\"wpb_row row-inner\"><div class=\"wpb_column pos-top pos-center align_left column_parent col-lg-3 mobile-hidden single-internal-gutter\"><div class=\"uncol style-light\"  data-skin-change=\"style-light\"><div class=\"uncoltable\"><div class=\"uncell no-block-padding\" ><div class=\"uncont\" ><\/div><\/div><\/div><\/div><\/div><div class=\"wpb_column pos-top pos-center align_left column_parent col-lg-4 single-internal-gutter\"><div class=\"uncol style-light\"  data-skin-change=\"style-light\"><div class=\"uncoltable\"><div class=\"uncell no-block-padding\" ><div class=\"uncont\" ><\/div><\/div><\/div><\/div><\/div><div class=\"wpb_column pos-top pos-right align_left column_parent col-lg-5 single-internal-gutter\"><div class=\"uncol style-light\"  data-skin-change=\"style-light\"><div class=\"uncoltable\"><div class=\"uncell no-block-padding\" ><div class=\"uncont\" ><div class=\"vc_custom_heading_wrap\"><div class=\"heading-text el-text\" ><h2 class=\"h1\" ><span>\u2e3b module28<\/span><\/h2><\/div><div class=\"clear\"><\/div><\/div><div class=\"vc_custom_heading_wrap\"><div class=\"heading-text el-text\" ><div class=\"custom fontheight-357766 font-weight-600 fontsize-260934-custom font-size-custom\" ><span><strong>Th\u00e0nh l\u1eadp n\u0103m 2015 t\u1ea1i th\u00e0nh ph\u1ed1 H\u1ed3 Ch\u00ed Minh,<\/strong> module28<strong> l\u00e0 studio thi\u1ebft k\u1ebf \u0111\u01b0\u1ee3c th\u00e0nh l\u1eadp b\u1edfi hai ki\u1ebfn \u200b\u200btr\u00fac s\u01b0 Ho\u00e0ng Nguy\u1ec5n v\u00e0 Hanh Tr\u1ea7n.<\/strong><\/span><\/div><\/div><div class=\"clear\"><\/div><\/div><div class=\"uncode_text_column\" ><p>Ch\u00fang t\u00f4i tin r\u1eb1ng m\u1ed9t d\u1ef1 \u00e1n thi\u1ebft k\u1ebf c\u00f3 t\u00e1c \u0111\u1ed9ng l\u1edbn lao v\u00e0 l\u00e2u d\u00e0i \u0111\u1ebfn kh\u00f4ng ch\u1ec9 nh\u1eefng ng\u01b0\u1eddi s\u1eed d\u1ee5ng \/ sinh s\u1ed1ng trong \u0111\u00f3 m\u00e0 c\u1ea3 c\u1ed9ng \u0111\u1ed3ng sinh s\u1ed1ng xung quanh d\u1ef1 \u00e1n \u0111\u00f3.<\/p>\n<p>Cam k\u1ebft h\u01b0\u1edbng t\u1edbi s\u1ef1 b\u1ec1n v\u1eefng v\u1ec1 m\u00f4i tr\u01b0\u1eddng, ch\u00fang t\u00f4i lu\u00f4n c\u1ed1 g\u1eafng gi\u1eef g\u00ecn, b\u1ea3o t\u1ed3n thi\u00ean nhi\u00ean \u1edf m\u1ee9c \u0111\u1ed9 cao nh\u1ea5t, th\u1eadm ch\u00ed t\u1ea1o ra th\u00eam nhi\u1ec1u kh\u00f4ng gian xanh b\u00ean trong c\u00e1c c\u00f4ng tr\u00ecnh m\u00e0 ch\u00fang t\u00f4i th\u1ef1c hi\u1ec7n.<\/p>\n<\/div><div class=\"empty-space empty-double\" ><span class=\"empty-space-inner\"><\/span><\/div>\n<\/div><\/div><\/div><\/div><\/div><script id=\"script-row-unique-3\" data-row=\"script-row-unique-3\" type=\"text\/javascript\" class=\"vc_controls\">UNCODE.initRow(document.getElementById(\"row-unique-3\"));<\/script><\/div><\/div><\/div><div data-parent=\"true\" class=\"vc_row row-container\" id=\"row-unique-4\" data-bg-changer=\"row-unique-4\" data-bg-color=\"style-color-gyho-bg\"><div class=\"row single-top-padding no-bottom-padding single-h-padding full-width row-parent\"><div class=\"wpb_row row-inner\"><div class=\"wpb_column pos-top pos-center align_left column_parent col-lg-12 single-internal-gutter\"><div class=\"uncol style-light\"  data-skin-change=\"style-light\"><div class=\"uncoltable\"><div class=\"uncell no-block-padding\" ><div class=\"uncont\" ><div class=\"vc_custom_heading_wrap\"><div class=\"heading-text el-text\" ><h4 class=\"fontsize-155944 font-weight-800 text-color-jevc-color\" ><span>02<\/p><\/span><span><p>\u2014<\/p><\/span><span><p>what we do<\/span><\/h4><\/div><div class=\"clear\"><\/div><\/div><\/div><\/div><\/div><\/div><\/div><script id=\"script-row-unique-4\" data-row=\"script-row-unique-4\" type=\"text\/javascript\" class=\"vc_controls\">UNCODE.initRow(document.getElementById(\"row-unique-4\"));<\/script><\/div><\/div><\/div><div data-parent=\"true\" class=\"vc_row row-container\" id=\"row-unique-5\"><div class=\"row full-width row-parent\"><div class=\"wpb_row row-inner\"><div class=\"wpb_column pos-top pos-center align_left column_parent col-lg-3 mobile-hidden single-internal-gutter\"><div class=\"uncol style-light\"  ><div class=\"uncoltable\"><div class=\"uncell no-block-padding\" ><div class=\"uncont\" ><\/div><\/div><\/div><\/div><\/div><div class=\"wpb_column pos-top pos-center align_left column_parent col-lg-4 single-internal-gutter\"><div class=\"uncol style-light\"  ><div class=\"uncoltable\"><div class=\"uncell no-block-padding\" ><div class=\"uncont\" ><\/div><\/div><\/div><\/div><\/div><div class=\"wpb_column pos-top pos-center align_left column_parent col-lg-5 single-internal-gutter\"><div class=\"uncol style-light\"  ><div class=\"uncoltable\"><div class=\"uncell no-block-padding\" ><div class=\"uncont\" ><div class=\"vc_custom_heading_wrap\"><div class=\"heading-text el-text\" ><h2 class=\"h1 fontheight-357766 font-weight-700\" ><span>\u2e3b study<\/span><\/h2><div><p>Ch\u00fang t\u00f4i nghi\u00ean c\u1ee9u k\u1ef9 l\u01b0\u1ee1ng t\u1ea5t c\u1ea3 c\u00e1c kh\u00eda c\u1ea1nh c\u1ee7a d\u1ef1 \u00e1n c\u00f3 \u1ea3nh h\u01b0\u1edfng \u0111\u1ebfn c\u00e1c \u0111i\u1ec1u ki\u1ec7n c\u1ee5 th\u1ec3 bao g\u1ed3m c\u00e1c y\u1ebfu t\u1ed1 v\u1eadt ch\u1ea5t, c\u1ea3nh quan xung quanh s\u1ef1 \u00e1n, ki\u1ebfn \u200b\u200btr\u00fac truy\u1ec1n th\u1ed1ng v\u00e0 hi\u1ec7n \u0111\u1ea1i. Ch\u00fang t\u00f4i \u0111\u1eb7c bi\u1ec7t ch\u00fa \u00fd \u0111\u1ebfn vi\u1ec7c x\u1eed l\u00fd c\u1ea3nh quan v\u00e0 di s\u1ea3n, lu\u00f4n xem x\u00e9t c\u00e1ch ki\u1ebfn \u200b\u200btr\u00fac c\u00f3 th\u1ec3 \u0111\u01b0\u1ee3c t\u00edch h\u1ee3p li\u1ec1n m\u1ea1ch.<\/p>\n<\/div><\/div><div class=\"clear\"><\/div><\/div><div class=\"vc_custom_heading_wrap\"><div class=\"heading-text el-text\" ><h2 class=\"h1 fontheight-357766 font-weight-700\" ><span>\u2e3b design<\/span><\/h2><div><p>Ch\u00fang t\u00f4i t\u1eadp trung v\u00e0o c\u00e1c thi\u1ebft k\u1ebf b\u1ec1n v\u1eefng v\u00e0 th\u00e2n thi\u1ec7n v\u1edbi m\u00f4i tr\u01b0\u1eddng, \u0111\u1ed3ng th\u1eddi lu\u00f4n c\u1ed1 g\u1eafng t\u1ea1o ra c\u00e1c gi\u1ea3i ph\u00e1p ki\u1ebfn tr\u00fac v\u00e0 kh\u00f4ng gian \u0111\u1ed9c \u0111\u00e1o, ph\u00f9 h\u1ee3p v\u1edbi t\u1eebng d\u1ef1 \u00e1n b\u1eb1ng c\u00e1ch k\u1ebft h\u1ee3p \u0111\u1ecba ph\u01b0\u01a1ng, c\u00e1c y\u1ebfu t\u1ed1 t\u1ef1 nhi\u00ean v\u1edbi nhu c\u1ea7u c\u1ee7a con ng\u01b0\u1eddi.<\/p>\n<\/div><\/div><div class=\"clear\"><\/div><\/div><div class=\"vc_custom_heading_wrap\"><div class=\"heading-text el-text\" ><h2 class=\"h1 fontheight-357766 font-weight-700\" ><span>\u2e3b build<\/span><\/h2><div><p>Tr\u1ecdng t\u00e2m c\u1ee7a ch\u00fang t\u00f4i l\u00e0 x\u00e2y d\u1ef1ng nh\u1eefng c\u00e2u chuy\u1ec7n ki\u1ebfn \u200b\u200btr\u00fac nh\u1eb1m c\u1ed1 g\u1eafng t\u1ea1o ra nh\u1eefng tr\u1ea3i nghi\u1ec7m kh\u00f4ng gian \u0111\u1eb7c bi\u1ec7t. \u0110\u01b0\u1ee3c h\u01b0\u1edbng d\u1eabn b\u1edfi ni\u1ec1m tin r\u1eb1ng nh\u1eefng kh\u00f4ng gian \u0111\u01b0\u1ee3c thi\u1ebft k\u1ebf t\u1ed1t s\u1ebd n\u00e2ng cao ch\u1ea5t l\u01b0\u1ee3ng cu\u1ed9c s\u1ed1ng c\u1ee7a ng\u01b0\u1eddi d\u00f9ng, ch\u00fang t\u00f4i ti\u1ebfp c\u1eadn m\u1ed7i d\u1ef1 \u00e1n m\u1edbi nh\u01b0 m\u1ed9t th\u1eed th\u00e1ch ri\u00eang, lu\u00f4n h\u01b0\u1edbng t\u1edbi ch\u1ea5t l\u01b0\u1ee3ng cao nh\u1ea5t trong ho\u00e0n thi\u1ec7n c\u00f4ng tr\u00ecnh th\u00f4ng qua c\u00e1c gi\u1ea3i ph\u00e1p ki\u1ebfn \u200b\u200btr\u00fac n\u0103ng \u0111\u1ed9ng.<\/p>\n<\/div><\/div><div class=\"clear\"><\/div><\/div><\/div><\/div><\/div><\/div><\/div><script id=\"script-row-unique-5\" data-row=\"script-row-unique-5\" type=\"text\/javascript\" class=\"vc_controls\">UNCODE.initRow(document.getElementById(\"row-unique-5\"));<\/script><\/div><\/div><\/div>\n<\/div>","protected":false},"excerpt":{"rendered":"\"Study nature, love nature, stay close to nature. It will never fail you.\"\u2e3b Frank Lloyd Wright, American architect 01\u2014who we [...]","protected":false},"author":1,"featured_media":0,"parent":0,"menu_order":0,"comment_status":"closed","ping_status":"closed","template":"","meta":{"footnotes":""},"class_list":["post-109920","page","type-page","status-publish","hentry"],"_links":{"self":[{"href":"https:\/\/module28.com\/vi\/wp-json\/wp\/v2\/pages\/109920","targetHints":{"allow":["GET"]}}],"collection":[{"href":"https:\/\/module28.com\/vi\/wp-json\/wp\/v2\/pages"}],"about":[{"href":"https:\/\/module28.com\/vi\/wp-json\/wp\/v2\/types\/page"}],"author":[{"embeddable":true,"href":"https:\/\/module28.com\/vi\/wp-json\/wp\/v2\/users\/1"}],"replies":[{"embeddable":true,"href":"https:\/\/module28.com\/vi\/wp-json\/wp\/v2\/comments?post=109920"}],"version-history":[{"count":1,"href":"https:\/\/module28.com\/vi\/wp-json\/wp\/v2\/pages\/109920\/revisions"}],"predecessor-version":[{"id":159775,"href":"https:\/\/module28.com\/vi\/wp-json\/wp\/v2\/pages\/109920\/revisions\/159775"}],"wp:attachment":[{"href":"https:\/\/module28.com\/vi\/wp-json\/wp\/v2\/media?parent=109920"}],"curies":[{"name":"wp","href":"https:\/\/api.w.org\/{rel}","templated":true}]}}